{"id":3185,"date":"2021-06-20T08:40:56","date_gmt":"2021-06-20T08:40:56","guid":{"rendered":"https:\/\/ineco.ee\/varikartta\/"},"modified":"2023-04-25T09:24:06","modified_gmt":"2023-04-25T09:24:06","slug":"varikartta","status":"publish","type":"page","link":"https:\/\/ineco.ee\/fi\/varikartta\/","title":{"rendered":"V\u00e4rikartta"},"content":{"rendered":"<p>[et_pb_section fb_built=&#8221;1&#8243; fullwidth=&#8221;on&#8221; _builder_version=&#8221;4.17.4&#8243; _module_preset=&#8221;default&#8221; global_colors_info=&#8221;{}&#8221;][et_pb_fullwidth_header _builder_version=&#8221;4.17.4&#8243; _module_preset=&#8221;default&#8221; background_image=&#8221;https:\/\/ineco.ee\/wp-content\/uploads\/2021\/06\/in-eco-va\u0308rvikaart-cover.jpg&#8221; height=&#8221;30vh&#8221; hover_enabled=&#8221;0&#8243; global_colors_info=&#8221;{}&#8221; sticky_enabled=&#8221;0&#8243;][\/et_pb_fullwidth_header][\/et_pb_section][et_pb_section fb_built=&#8221;1&#8243; _builder_version=&#8221;4.17.4&#8243; _module_preset=&#8221;default&#8221; global_colors_info=&#8221;{}&#8221;][et_pb_row _builder_version=&#8221;4.17.4&#8243; _module_preset=&#8221;default&#8221; global_colors_info=&#8221;{}&#8221;][et_pb_column type=&#8221;4_4&#8243; _builder_version=&#8221;4.17.4&#8243; _module_preset=&#8221;default&#8221; global_colors_info=&#8221;{}&#8221;][et_pb_text _builder_version=&#8221;4.17.4&#8243; _module_preset=&#8221;default&#8221; global_colors_info=&#8221;{}&#8221;]<\/p>\n<p><span class=\"brz-cp-color7\">IN ECO -valikoimasta l\u00f6yd\u00e4t 9 kaunista<\/span> ja trendik\u00e4st\u00e4 sisustussuunnittelijoiden luomaa v\u00e4ri\u00e4. <span class=\"brz-cp-color7\">Maanl\u00e4heiset s\u00e4vyt ovat olleet ihmiskunnan mukana jo miljoonia vuosia, ja siksi ne miellytt\u00e4v\u00e4t eniten ihmisen silm\u00e4\u00e4.<\/span><\/p>\n<p>[\/et_pb_text][et_pb_gallery gallery_ids=&#8221;2557,2553,2552,2551,2558,2556,2555,2554,2550&#8243; posts_number=&#8221;9&#8243; show_title_and_caption=&#8221;off&#8221; show_pagination=&#8221;off&#8221; admin_label=&#8221;v\u00e4rvitoonid&#8221; _builder_version=&#8221;4.17.4&#8243; _module_preset=&#8221;default&#8221; global_colors_info=&#8221;{}&#8221;][\/et_pb_gallery][\/et_pb_column][\/et_pb_row][\/et_pb_section]<\/p>\n","protected":false},"excerpt":{"rendered":"<p>IN ECO -valikoimasta l\u00f6yd\u00e4t 9 kaunista ja trendik\u00e4st\u00e4 sisustussuunnittelijoiden luomaa v\u00e4ri\u00e4. Maanl\u00e4heiset s\u00e4vyt ovat olleet ihmiskunnan mukana jo miljoonia vuosia, ja siksi ne miellytt\u00e4v\u00e4t eniten ihmisen silm\u00e4\u00e4.<\/p>\n","protected":false},"author":1,"featured_media":0,"parent":0,"menu_order":0,"comment_status":"closed","ping_status":"closed","template":"","meta":{"_et_pb_use_builder":"on","_et_pb_old_content":"","_et_gb_content_width":"","footnotes":""},"class_list":["post-3185","page","type-page","status-publish","hentry"],"_links":{"self":[{"href":"https:\/\/ineco.ee\/fi\/wp-json\/wp\/v2\/pages\/3185","targetHints":{"allow":["GET"]}}],"collection":[{"href":"https:\/\/ineco.ee\/fi\/wp-json\/wp\/v2\/pages"}],"about":[{"href":"https:\/\/ineco.ee\/fi\/wp-json\/wp\/v2\/types\/page"}],"author":[{"embeddable":true,"href":"https:\/\/ineco.ee\/fi\/wp-json\/wp\/v2\/users\/1"}],"replies":[{"embeddable":true,"href":"https:\/\/ineco.ee\/fi\/wp-json\/wp\/v2\/comments?post=3185"}],"version-history":[{"count":0,"href":"https:\/\/ineco.ee\/fi\/wp-json\/wp\/v2\/pages\/3185\/revisions"}],"wp:attachment":[{"href":"https:\/\/ineco.ee\/fi\/wp-json\/wp\/v2\/media?parent=3185"}],"curies":[{"name":"wp","href":"https:\/\/api.w.org\/{rel}","templated":true}]}}