{"id":3126,"date":"2022-05-15T20:12:52","date_gmt":"2022-05-15T20:12:52","guid":{"rendered":"https:\/\/ineco.ee\/meista-2\/"},"modified":"2022-05-15T20:20:40","modified_gmt":"2022-05-15T20:20:40","slug":"meista-2","status":"publish","type":"page","link":"https:\/\/ineco.ee\/fi\/meista-2\/","title":{"rendered":"Meist\u00e4"},"content":{"rendered":"<p>[et_pb_section fb_built=&#8221;1&#8243; fullwidth=&#8221;on&#8221; _builder_version=&#8221;4.17.3&#8243; _module_preset=&#8221;default&#8221; collapsed=&#8221;off&#8221; global_colors_info=&#8221;{}&#8221;][et_pb_fullwidth_header text_orientation=&#8221;center&#8221; header_fullscreen=&#8221;on&#8221; _builder_version=&#8221;4.17.3&#8243; _module_preset=&#8221;default&#8221; background_image=&#8221;https:\/\/ineco.ee\/wp-content\/uploads\/2021\/06\/in-eco-meist-ba\u0308nner.jpg&#8221; module_alignment=&#8221;center&#8221; height=&#8221;20vh&#8221; global_colors_info=&#8221;{}&#8221;][\/et_pb_fullwidth_header][\/et_pb_section][et_pb_section fb_built=&#8221;1&#8243; _builder_version=&#8221;4.17.3&#8243; _module_preset=&#8221;default&#8221; global_colors_info=&#8221;{}&#8221;][et_pb_row _builder_version=&#8221;4.17.3&#8243; _module_preset=&#8221;default&#8221; global_colors_info=&#8221;{}&#8221;][et_pb_column type=&#8221;4_4&#8243; _builder_version=&#8221;4.17.3&#8243; _module_preset=&#8221;default&#8221; global_colors_info=&#8221;{}&#8221;][et_pb_text _builder_version=&#8221;4.17.3&#8243; _module_preset=&#8221;default&#8221; admin_label=&#8221;IN ECO keskkonnas\u00f5bralike v\u00e4rvide lugu&#8221; hover_enabled=&#8221;0&#8243; sticky_enabled=&#8221;0&#8243;]<\/p>\n<h1 style=\"text-align: center;\" data-uniq-id=\"fmqgp\" data-generated-css=\"brz-css-ylqyv\">IN ECOn ymp\u00e4rist\u00f6yst\u00e4v\u00e4llisten maalien tarina<\/h1>\n<p>[\/et_pb_text][et_pb_text _builder_version=&#8221;4.17.3&#8243; _module_preset=&#8221;default&#8221; hover_enabled=&#8221;0&#8243; global_colors_info=&#8221;{}&#8221; sticky_enabled=&#8221;0&#8243;]<\/p>\n<p>&nbsp;<\/p>\n<div class=\"brz-column__items brz-css-fmhsm brz-css-pecxu\">\n<div class=\"brz-css-wfupc brz-wrapper\">\n<div class=\"brz-rich-text brz-rich-text__custom brz-css-evkdh\" data-custom-id=\"ecbtlbdkkgdylghgakfgorihltvmxukyfjic\">\n<div>\n<p data-uniq-id=\"fmqgp\" data-generated-css=\"brz-css-ylqyv\"><span style=\"font-size: 16px;\">IN ECOn ymp\u00e4rist\u00f6yst\u00e4v\u00e4llisten maalien kehitt\u00e4minen alkoi tarpeesta varmistaa historiallisista ja luonnollisista materiaaleista rakennettujen rakennusten tarvitsema kunnossapito.<\/span><\/p>\n<p>Aloitimme projektin vuonna 2000, ja inspiraation l\u00e4hteen\u00e4 meille olivat vanhojen skandinaavisten talojen asiantuntijoiden kokemus sek\u00e4 Sveitsin ekomaalikoulutukseen osallistuneiden sellaisten nuorten maalarimestarien kokemus, jotka eiv\u00e4t en\u00e4\u00e4 uusine tietoineen ja taitoineen halunneet ty\u00f6skennell\u00e4 tavallisten muovi- ja myrkkymaalien parissa.<\/p>\n<p>Siit\u00e4 l\u00e4htien olemme j\u00e4rjest\u00e4neet S\u00e4\u00e4stva Renoveerimise Infokeskus- ja Majatohter-tavaramerkeill\u00e4 koulutuksia sek\u00e4 kiinnostuneille ett\u00e4 asiantuntijoille Virossa ja Suomessa tavoitteenamme auttaa ymp\u00e4rist\u00f6st\u00e4 v\u00e4litt\u00e4vi\u00e4 ihmisi\u00e4 valmistamaan itse luonnonmaaleja ja k\u00e4ytt\u00e4m\u00e4\u00e4n niit\u00e4 oikein.<\/p>\n<\/div>\n<\/div>\n<\/div>\n<\/div>\n<div class=\"brz-css-wfupc brz-wrapper\">\n<div class=\"brz-rich-text brz-rich-text__custom brz-css-evkdh\" data-custom-id=\"qksykoxljrosggynvzikzkjilvtainjpfigb\">\n<div>Luonnonmaalien komponenttien tiedet\u00e4\u00e4n olevan terveydelle turvallisia. Luonnonmateriaalien edut ovat osoittautuneet hyviksi, ja nyt haluamme jakaa ne my\u00f6s laajemmalle kuluttajayhteis\u00f6lle. IN ECO on perustettu, jotta terveydelle turvalliset ja ymp\u00e4rist\u00f6yst\u00e4v\u00e4lliset maalit olisivat kaikille kiinnostuneille edullisesti hankittavissa, helposti k\u00e4ytett\u00e4viss\u00e4 ja saatavilla.<\/div>\n<\/div>\n<\/div>\n<p>[\/et_pb_text][et_pb_image src=&#8221;https:\/\/ineco.ee\/wp-content\/uploads\/2021\/08\/13323196_1107275689338790_2500279162352659148_o.jpg&#8221; title_text=&#8221;savimaali&#8221; align=&#8221;center&#8221; force_fullwidth=&#8221;on&#8221; _builder_version=&#8221;4.17.3&#8243; _module_preset=&#8221;default&#8221; global_colors_info=&#8221;{}&#8221;][\/et_pb_image][\/et_pb_column][\/et_pb_row][et_pb_row _builder_version=&#8221;4.17.3&#8243; _module_preset=&#8221;default&#8221; global_colors_info=&#8221;{}&#8221;][et_pb_column type=&#8221;4_4&#8243; _builder_version=&#8221;4.17.3&#8243; _module_preset=&#8221;default&#8221; global_colors_info=&#8221;{}&#8221;][et_pb_text _builder_version=&#8221;4.17.3&#8243; _module_preset=&#8221;default&#8221; hover_enabled=&#8221;0&#8243; global_colors_info=&#8221;{}&#8221; sticky_enabled=&#8221;0&#8243;]<\/p>\n<div class=\"brz-columns brz-css-toryl brz-css-qomnd\" data-custom-id=\"pwowdousfmalvhvzelaaewbqyouarfsrdyce\">\n<div class=\"brz-column__items brz-css-fmhsm brz-css-pecxu\">\n<div class=\"brz-css-wfupc brz-wrapper\">\n<div class=\"brz-rich-text brz-rich-text__custom brz-css-evkdh\" data-custom-id=\"ecbtlbdkkgdylghgakfgorihltvmxukyfjic\">\n<div>\n<h1 style=\"text-align: center;\" data-uniq-id=\"fmqgp\" data-generated-css=\"brz-css-ylqyv\">IN ECO -luonnonmaalien edut muovimaaleihin verrattuna<\/h1>\n<\/div>\n<\/div>\n<\/div>\n<\/div>\n<\/div>\n<div class=\"brz-columns brz-css-toryl brz-css-ddaqc\" data-custom-id=\"occxwnvxxbogokkzydjzcvjkrzjcqqzvurhy\">\n<div class=\"brz-column__items brz-css-fmhsm brz-css-hczep\">\n<div class=\"brz-css-wfupc brz-wrapper\">\n<div class=\"brz-rich-text brz-rich-text__custom brz-css-evkdh\" data-custom-id=\"qksykoxljrosggynvzikzkjilvtainjpfigb\">\n<div> <\/div>\n<\/div>\n<\/div>\n<\/div>\n<\/div>\n<p>[\/et_pb_text][\/et_pb_column][\/et_pb_row][et_pb_row column_structure=&#8221;1_2,1_2&#8243; _builder_version=&#8221;4.17.3&#8243; _module_preset=&#8221;default&#8221; global_colors_info=&#8221;{}&#8221;][et_pb_column type=&#8221;1_2&#8243; _builder_version=&#8221;4.17.3&#8243; _module_preset=&#8221;default&#8221; global_colors_info=&#8221;{}&#8221;][et_pb_image src=&#8221;https:\/\/ineco.ee\/wp-content\/uploads\/2021\/08\/savi-2.jpg&#8221; title_text=&#8221;savi-2&#8243; _builder_version=&#8221;4.17.3&#8243; _module_preset=&#8221;default&#8221; global_colors_info=&#8221;{}&#8221;][\/et_pb_image][\/et_pb_column][et_pb_column type=&#8221;1_2&#8243; _builder_version=&#8221;4.17.3&#8243; _module_preset=&#8221;default&#8221; global_colors_info=&#8221;{}&#8221;][et_pb_text _builder_version=&#8221;4.17.3&#8243; _module_preset=&#8221;default&#8221; global_colors_info=&#8221;{}&#8221;]<\/p>\n<p class=\"brz-css-guhgm\" data-uniq-id=\"rfrxz\" data-generated-css=\"brz-css-avfso\">IN ECOn matka alkoi vanhoista rakennuksista ja osittain my\u00f6s siksi, ett\u00e4 nykyaikaisten muovi- ja myrkkymaalien k\u00e4yt\u00f6ss\u00e4 ilmeni sek\u00e4 esteettisi\u00e4, teknisi\u00e4 ett\u00e4 terveydellisi\u00e4 ongelmia. Muovimaalit muodostivat sis\u00e4tiloihin kalvopinnan, mik\u00e4 johti usein kosteusvaurioihin ja homeeseen. Jos niit\u00e4 vastaan taistellaan myrkyin, myrkyt\u00e4mme kuitenkin usein my\u00f6s itse\u00e4mme tai l\u00e4heisi\u00e4mme. <\/p>\n<p class=\"brz-css-fjwtz\" data-generated-css=\"brz-css-vwfwx\" data-uniq-id=\"rasgz\">Nykyisin on her\u00e4nnyt kysymys, tarvitsemmeko niin paljon muovia ja keinotekoista kemiaa? Kumpaakin on jo liikaa maailmassa ja niit\u00e4 tuotetaan yh\u00e4 enemm\u00e4n, vaikka niit\u00e4 ilmankin p\u00e4rj\u00e4t\u00e4\u00e4n. Mutta voit p\u00e4rj\u00e4t\u00e4 ilman niit\u00e4. Emme tarvitse lis\u00e4\u00e4 muovia, vaan terveellist\u00e4 elinymp\u00e4rist\u00f6\u00e4, joka s\u00e4ilyisi mahdollisimman turvallisena my\u00f6s ilman myrkkyjen ja kalliiden laitteiden apua. IN ECO -maalien tavoitteena oli, ett\u00e4 ne olisivat ymp\u00e4rist\u00f6lle ja k\u00e4ytt\u00e4j\u00e4lle t\u00e4ysin turvallisia sek\u00e4 kompostoitavia, eli soveltuvia luonto\u00e4idin aineiden kiertokulkuun.<\/p>\n<p>[\/et_pb_text][\/et_pb_column][\/et_pb_row][et_pb_row _builder_version=&#8221;4.17.3&#8243; _module_preset=&#8221;default&#8221; global_colors_info=&#8221;{}&#8221;][et_pb_column type=&#8221;4_4&#8243; _builder_version=&#8221;4.17.3&#8243; _module_preset=&#8221;default&#8221; global_colors_info=&#8221;{}&#8221;][et_pb_text admin_label=&#8221;MIDA INECO PAKUB&#8221; _builder_version=&#8221;4.17.3&#8243; _module_preset=&#8221;default&#8221; global_colors_info=&#8221;{}&#8221;]<\/p>\n<h1 style=\"text-align: center;\">Mit\u00e4 IN ECO tarjoaa?<\/h1>\n<p>[\/et_pb_text][et_pb_text _builder_version=&#8221;4.17.3&#8243; _module_preset=&#8221;default&#8221; global_colors_info=&#8221;{}&#8221;]<\/p>\n<p class=\"brz-css-eftyt\" data-generated-css=\"brz-css-zdfxr\" data-uniq-id=\"qytvp\">Tarjoamme ennen kaikkea sis\u00e4k\u00e4ytt\u00f6\u00f6n soveltuvia savimaaleja. Ne on valmistettu p\u00e4\u00e4asiassa savesta ja liidusta, ja niit\u00e4 voidaan s\u00e4vytt\u00e4\u00e4 mineraaleilla, haluttaessa t\u00e4ysin luonnollisilla pigmenteill\u00e4. <\/p>\n<p class=\"brz-css-dcmrh\" data-generated-css=\"brz-css-zputq\" data-uniq-id=\"fqcai\">IN ECO -maalit eiv\u00e4t ole vain VOC-, myrkky- ja muovivapaita, vaan my\u00f6s antistaattisia ja niiss\u00e4 on hyv\u00e4 hengitt\u00e4vyys, eli ne s\u00e4\u00e4telev\u00e4t itse diffuusiota ja kosteutta. e sopivat erityisen hyvin sis\u00e4ilmaa s\u00e4\u00e4televiin luonnonmateriaaleihin, kuten savi ja kalkkirapatut pinnat. Ne toimivat hyvin kuitenkin my\u00f6s tavallisten kipsilevyjen ja rapattujen paneeli- ja harkkorakenteiden sis\u00e4pinnoissa. <\/p>\n<p class=\"brz-css-ziefl\" data-generated-css=\"brz-css-mfdpt\" data-uniq-id=\"ecngm\">Kotimme ja rakennuksemme toimivat kokonaisuutena ja jokaisella kerroksella on oma merkityksens\u00e4. Sis\u00e4ymp\u00e4rist\u00f6mme saa IN ECO -savimaaleja k\u00e4ytt\u00e4m\u00e4ll\u00e4 tukea luonnollisesta tasapainosta ja tunnemme olomme kyseisiss\u00e4 tiloissa yksinkertaisesti paremmaksi. Muinainen rakennusmateriaali savi tunnetaan hyvist\u00e4 ominaisuuksistaan: se on antistaattinen, huokoinen ja kosteuteen sek\u00e4 l\u00e4mp\u00f6tilaan helposti sopeutuva luonnonmateriaali, joka auttaa neutraloimaan ilmasta tulevia haittoja ja korostamaan meille hy\u00f6dyllist\u00e4. <\/p>\n<p class=\"brz-css-pyvbz\" data-generated-css=\"brz-css-rkvcs\" data-uniq-id=\"plktb\">Savimaalin k\u00e4ytt\u00e4minen on yksi yksinkertaisimpia ja elementaarisimpia askeleita, jolla kaikki voivat huolehtia yhdess\u00e4 omasta sek\u00e4 muiden terveydest\u00e4 ja yhteisest\u00e4 ymp\u00e4rist\u00f6st\u00e4mme.<\/p>\n<p class=\"brz-css-cppml\" data-generated-css=\"brz-css-mgorl\" data-uniq-id=\"buqrd\">Tarmo A. Elvisto<\/p>\n<p class=\"brz-css-cjwiv\" data-generated-css=\"brz-css-ukatg\" data-uniq-id=\"juymv\">IN ECO -ekomaalien idean luoja<\/p>\n<p>[\/et_pb_text][\/et_pb_column][\/et_pb_row][\/et_pb_section]<\/p>\n","protected":false},"excerpt":{"rendered":"<p>IN ECOn ymp\u00e4rist\u00f6yst\u00e4v\u00e4llisten maalien tarina &nbsp; IN ECOn ymp\u00e4rist\u00f6yst\u00e4v\u00e4llisten maalien kehitt\u00e4minen alkoi tarpeesta varmistaa historiallisista ja luonnollisista materiaaleista rakennettujen rakennusten tarvitsema kunnossapito. Aloitimme projektin vuonna 2000, ja inspiraation l\u00e4hteen\u00e4 meille olivat vanhojen skandinaavisten talojen asiantuntijoiden kokemus sek\u00e4 Sveitsin ekomaalikoulutukseen osallistuneiden sellaisten nuorten maalarimestarien kokemus, jotka eiv\u00e4t en\u00e4\u00e4 uusine tietoineen ja taitoineen halunneet ty\u00f6skennell\u00e4 tavallisten muovi- [&hellip;]<\/p>\n","protected":false},"author":1,"featured_media":0,"parent":0,"menu_order":0,"comment_status":"closed","ping_status":"closed","template":"","meta":{"_et_pb_use_builder":"on","_et_pb_old_content":"","_et_gb_content_width":"","footnotes":""},"class_list":["post-3126","page","type-page","status-publish","hentry"],"_links":{"self":[{"href":"https:\/\/ineco.ee\/fi\/wp-json\/wp\/v2\/pages\/3126","targetHints":{"allow":["GET"]}}],"collection":[{"href":"https:\/\/ineco.ee\/fi\/wp-json\/wp\/v2\/pages"}],"about":[{"href":"https:\/\/ineco.ee\/fi\/wp-json\/wp\/v2\/types\/page"}],"author":[{"embeddable":true,"href":"https:\/\/ineco.ee\/fi\/wp-json\/wp\/v2\/users\/1"}],"replies":[{"embeddable":true,"href":"https:\/\/ineco.ee\/fi\/wp-json\/wp\/v2\/comments?post=3126"}],"version-history":[{"count":0,"href":"https:\/\/ineco.ee\/fi\/wp-json\/wp\/v2\/pages\/3126\/revisions"}],"wp:attachment":[{"href":"https:\/\/ineco.ee\/fi\/wp-json\/wp\/v2\/media?parent=3126"}],"curies":[{"name":"wp","href":"https:\/\/api.w.org\/{rel}","templated":true}]}}