{"id":3107,"date":"2022-05-13T20:06:58","date_gmt":"2022-05-13T20:06:58","guid":{"rendered":"https:\/\/ineco.ee\/etusivu\/"},"modified":"2022-06-03T07:40:02","modified_gmt":"2022-06-03T07:40:02","slug":"etusivu-2","status":"publish","type":"page","link":"https:\/\/ineco.ee\/fi\/","title":{"rendered":"Etusivu"},"content":{"rendered":"<p>[et_pb_section fb_built=&#8221;1&#8243; fullwidth=&#8221;on&#8221; _builder_version=&#8221;4.17.4&#8243; _module_preset=&#8221;default&#8221; module_alignment=&#8221;center&#8221; global_colors_info=&#8221;{}&#8221;][et_pb_fullwidth_header title=&#8221;JOS YMP\u00c4RIST\u00d6 EI OLE SAVIA&#8221; subhead=&#8221;Luonnollinen savimaali sinun ja perheesi hyvinvointia varten&#8221; header_fullscreen=&#8221;on&#8221; button_one_text=&#8221;LUE LIS\u00c4\u00c4&#8221; button_one_url=&#8221;@ET-DC@eyJkeW5hbWljIjp0cnVlLCJjb250ZW50IjoicG9zdF9saW5rX3VybF9wYWdlIiwic2V0dGluZ3MiOnsicG9zdF9pZCI6Ijc3OSJ9fQ==@&#8221; background_overlay_color=&#8221;rgba(38,48,39,0.59)&#8221; _builder_version=&#8221;4.17.4&#8243; _dynamic_attributes=&#8221;button_one_url&#8221; _module_preset=&#8221;default&#8221; title_font_size=&#8221;19px&#8221; content_font_size=&#8221;18px&#8221; subhead_font=&#8221;Roboto|700|||||||&#8221; subhead_font_size=&#8221;65px&#8221; subhead_line_height=&#8221;1.2em&#8221; custom_button_one=&#8221;on&#8221; button_one_bg_color=&#8221;#d8958b&#8221; button_one_border_color=&#8221;#d8958b&#8221; button_one_border_radius=&#8221;0px&#8221; height=&#8221;80vh&#8221; content_font_size_tablet=&#8221;18px&#8221; content_font_size_phone=&#8221;14px&#8221; content_font_size_last_edited=&#8221;on|phone&#8221; subhead_font_size_tablet=&#8221;65px&#8221; subhead_font_size_phone=&#8221;41px&#8221; subhead_font_size_last_edited=&#8221;on|phone&#8221; global_colors_info=&#8221;{}&#8221; background_color=&#8221;#728a7e&#8221; background_image=&#8221;https:\/\/ineco.ee\/wp-content\/uploads\/2021\/06\/ineco-hero-2.jpg&#8221;]<\/p>\n<p>IN ECO on virolainen k\u00e4sity\u00f6maali, jonka tavoitteena on tarjota terveellisin ja ymp\u00e4rist\u00f6yst\u00e4v\u00e4llisin ratkaisu sisustukseen.<\/p>\n<p>[\/et_pb_fullwidth_header][\/et_pb_section][et_pb_section fb_built=&#8221;1&#8243; _builder_version=&#8221;4.16&#8243; global_colors_info=&#8221;{}&#8221;][et_pb_row column_structure=&#8221;1_3,1_3,1_3&#8243; _builder_version=&#8221;4.16&#8243; background_size=&#8221;initial&#8221; background_position=&#8221;top_left&#8221; background_repeat=&#8221;repeat&#8221; global_colors_info=&#8221;{}&#8221;][et_pb_column type=&#8221;1_3&#8243; _builder_version=&#8221;4.16&#8243; custom_padding=&#8221;|||&#8221; global_colors_info=&#8221;{}&#8221; custom_padding__hover=&#8221;|||&#8221;][et_pb_blurb title=&#8221;100 % luonnollinen&#8221; use_icon=&#8221;on&#8221; font_icon=&#8221;&#xf06c;||fa||900&#8243; _builder_version=&#8221;4.17.3&#8243; _module_preset=&#8221;default&#8221; header_font=&#8221;Roboto|900|||||||&#8221; header_text_align=&#8221;center&#8221; global_colors_info=&#8221;{}&#8221;]<\/p>\n<p style=\"text-align: center;\">Luonnollisesti liukeneva, kompostoitava, s\u00e4il\u00f6nt\u00e4aineeton<\/p>\n<p>[\/et_pb_blurb][\/et_pb_column][et_pb_column type=&#8221;1_3&#8243; _builder_version=&#8221;4.16&#8243; custom_padding=&#8221;|||&#8221; global_colors_info=&#8221;{}&#8221; custom_padding__hover=&#8221;|||&#8221;][et_pb_blurb title=&#8221;K\u00e4tev\u00e4 ja edullinen&#8221; use_icon=&#8221;on&#8221; font_icon=&#8221;&#x52;||divi||400&#8243; _builder_version=&#8221;4.17.3&#8243; _module_preset=&#8221;default&#8221; header_font=&#8221;Roboto|900|||||||&#8221; header_text_align=&#8221;center&#8221; global_colors_info=&#8221;{}&#8221;]<\/p>\n<p style=\"text-align: center;\">Edullinen hinta, helppo levitt\u00e4\u00e4, hyv\u00e4 peitt\u00e4vyys ja toistuvasti ylimaalattava<\/p>\n<p>[\/et_pb_blurb][\/et_pb_column][et_pb_column type=&#8221;1_3&#8243; _builder_version=&#8221;4.16&#8243; custom_padding=&#8221;|||&#8221; global_colors_info=&#8221;{}&#8221; custom_padding__hover=&#8221;|||&#8221;][et_pb_blurb title=&#8221;Terveellinen&#8221; use_icon=&#8221;on&#8221; font_icon=&#8221;&#xf4be;||fa||900&#8243; _builder_version=&#8221;4.17.3&#8243; _module_preset=&#8221;default&#8221; header_font=&#8221;Roboto|900|||||||&#8221; header_text_align=&#8221;center&#8221; global_colors_info=&#8221;{}&#8221;]<\/p>\n<p style=\"text-align: center;\">Muoviton ja myrkyt\u00f6n, rauhoittava, hengitt\u00e4v\u00e4 ja antiallerginen<\/p>\n<p>[\/et_pb_blurb][\/et_pb_column][\/et_pb_row][\/et_pb_section][et_pb_section fb_built=&#8221;1&#8243; fullwidth=&#8221;on&#8221; _builder_version=&#8221;4.17.4&#8243; _module_preset=&#8221;default&#8221; global_colors_info=&#8221;{}&#8221;][et_pb_fullwidth_header title=&#8221;Terveelliset ja ymp\u00e4rist\u00f6yst\u00e4v\u00e4lliset savimaalit&#8221; header_image_url=&#8221;https:\/\/ineco.ee\/wp-content\/uploads\/2022\/05\/ineco-2pk-scaled.jpg&#8221; _builder_version=&#8221;4.17.4&#8243; _module_preset=&#8221;default&#8221; title_font=&#8221;|||on|||||&#8221; background_color=&#8221;#131312&#8243; global_colors_info=&#8221;{}&#8221;]<\/p>\n<p>IN ECO -maalit eiv\u00e4t ole vain VOC-, myrkky- ja muovivapaita, vaan my\u00f6s antistaattisia ja niiss\u00e4 on hyv\u00e4 hengitt\u00e4vyys, eli ne s\u00e4\u00e4telev\u00e4t itse diffuusiota ja kosteutta. Ne sopivat erityisen hyvin sis\u00e4ilmaa s\u00e4\u00e4televiin luonnonmateriaaleihin, kuten savi ja kalkkirapatut pinnat. Ne toimivat hyvin kuitenkin my\u00f6s tavallisten kipsilevyjen ja rapattujen paneeli- ja harkkorakenteiden sis\u00e4pinnoissa.<\/p>\n<p>[\/et_pb_fullwidth_header][\/et_pb_section][et_pb_section fb_built=&#8221;1&#8243; _builder_version=&#8221;4.17.3&#8243; _module_preset=&#8221;default&#8221; global_colors_info=&#8221;{}&#8221;][et_pb_row _builder_version=&#8221;4.17.3&#8243; _module_preset=&#8221;default&#8221; global_colors_info=&#8221;{}&#8221;][et_pb_column type=&#8221;4_4&#8243; _builder_version=&#8221;4.17.3&#8243; _module_preset=&#8221;default&#8221; global_colors_info=&#8221;{}&#8221;][et_pb_text _builder_version=&#8221;4.17.3&#8243; _module_preset=&#8221;default&#8221; global_colors_info=&#8221;{}&#8221;]<\/p>\n<h1 style=\"text-align: center;\">TUOTTEET<\/h1>\n<p>[\/et_pb_text][et_pb_shop columns_number=&#8221;2&#8243; _builder_version=&#8221;4.17.4&#8243; _module_preset=&#8221;default&#8221; title_text_align=&#8221;center&#8221; title_text_color=&#8221;#4c4c4c&#8221; price_text_align=&#8221;center&#8221; price_text_color=&#8221;#e06660&#8243; price_font_size=&#8221;14px&#8221; width=&#8221;100%&#8221; module_alignment=&#8221;center&#8221; custom_css_main_element=&#8221;.et_shop_image {display:none;}&#8221; global_colors_info=&#8221;{}&#8221;][\/et_pb_shop][\/et_pb_column][\/et_pb_row][\/et_pb_section][et_pb_section fb_built=&#8221;1&#8243; fullwidth=&#8221;on&#8221; _builder_version=&#8221;4.17.4&#8243; _module_preset=&#8221;default&#8221; global_colors_info=&#8221;{}&#8221;][et_pb_fullwidth_slider _builder_version=&#8221;4.17.4&#8243; _module_preset=&#8221;default&#8221; header_font=&#8221;||||||||&#8221; global_colors_info=&#8221;{}&#8221;][et_pb_slide heading=&#8221;MIKSI KANNATTAA VALITA IN ECO -SAVIMAALI?&#8221; button_text=&#8221;LUE LIS\u00c4\u00c4&#8221; button_link=&#8221;@ET-DC@eyJkeW5hbWljIjp0cnVlLCJjb250ZW50IjoicG9zdF9saW5rX3VybF9wYWdlIiwic2V0dGluZ3MiOnsicG9zdF9pZCI6IjMxMTQifX0=@&#8221; image=&#8221;https:\/\/ineco.ee\/wp-content\/uploads\/2021\/06\/in-eco-meist-2.jpg&#8221; _builder_version=&#8221;4.17.4&#8243; _dynamic_attributes=&#8221;button_link&#8221; _module_preset=&#8221;default&#8221; header_font=&#8221;Roboto|900|||||||&#8221; header_text_color=&#8221;#ededed&#8221; header_font_size=&#8221;19px&#8221; header_letter_spacing=&#8221;0px&#8221; body_font=&#8221;|||on|||||&#8221; body_text_align=&#8221;left&#8221; background_color=&#8221;#9daf87&#8243; background_enable_color=&#8221;on&#8221; custom_button=&#8221;on&#8221; button_bg_color=&#8221;#728a7e&#8221; button_border_width=&#8221;0px&#8221; button_border_color=&#8221;#728a7e&#8221; button_border_radius=&#8221;0px&#8221; button_icon=&#8221;&#x24;||divi||400&#8243; global_colors_info=&#8221;{}&#8221; sticky_transition=&#8221;on&#8221;]<\/p>\n<div class=\"et_pb_slide_content\">\n<div class=\"brz-css-hjkmp brz-css-qzylo brz-wrapper\">\n<div class=\"brz-rich-text brz-rich-text__custom brz-css-upvfn\" data-custom-id=\"qijlgrhnvutfpwontfprwrrbglzqoctvlmqs\">\n<div>\n<h1 class=\"brz-css-svwvv\" data-uniq-id=\"bbsdg\" data-generated-css=\"brz-css-dqbur\"><span class=\"brz-cp-color8\">S\u00e4\u00e4st\u00e4 rahaa, terveytt\u00e4 ja luontoa<\/span><\/h1>\n<\/div>\n<\/div>\n<\/div>\n<div class=\"brz-css-hjkmp brz-css-iynhg brz-wrapper\">\n<div class=\"brz-rich-text brz-rich-text__custom brz-css-upvfn\" data-custom-id=\"rlyhywguxnfebfvlprvcutoqqmtktkdznvfo\">\n<div>\n<p class=\"brz-css-tmnsc\" data-uniq-id=\"yilcq\" data-generated-css=\"brz-css-sckpm\"><span class=\"brz-cp-color7\">Tallinnan IN ECO -perhe on yhdist\u00e4nyt sinua varten materiaaleja ja v\u00e4rej\u00e4, jotka ovat olleet osa esi-isiemme arkea jo miljoonien vuosien ajan.<\/span><\/p>\n<\/div>\n<\/div>\n<\/div>\n<\/div>\n<p>[\/et_pb_slide][\/et_pb_fullwidth_slider][\/et_pb_section]<\/p>\n","protected":false},"excerpt":{"rendered":"<p>IN ECO on virolainen k\u00e4sity\u00f6maali, jonka tavoitteena on tarjota terveellisin ja ymp\u00e4rist\u00f6yst\u00e4v\u00e4llisin ratkaisu sisustukseen.Luonnollisesti liukeneva, kompostoitava, s\u00e4il\u00f6nt\u00e4aineetonEdullinen hinta, helppo levitt\u00e4\u00e4, hyv\u00e4 peitt\u00e4vyys ja toistuvasti ylimaalattavaMuoviton ja myrkyt\u00f6n, rauhoittava, hengitt\u00e4v\u00e4 ja antiallerginenIN ECO -maalit eiv\u00e4t ole vain VOC-, myrkky- ja muovivapaita, vaan my\u00f6s antistaattisia ja niiss\u00e4 on hyv\u00e4 hengitt\u00e4vyys, eli ne s\u00e4\u00e4telev\u00e4t itse diffuusiota ja kosteutta. [&hellip;]<\/p>\n","protected":false},"author":1,"featured_media":0,"parent":0,"menu_order":0,"comment_status":"closed","ping_status":"closed","template":"","meta":{"_et_pb_use_builder":"on","_et_pb_old_content":"","_et_gb_content_width":"","footnotes":""},"class_list":["post-3107","page","type-page","status-publish","hentry"],"_links":{"self":[{"href":"https:\/\/ineco.ee\/fi\/wp-json\/wp\/v2\/pages\/3107","targetHints":{"allow":["GET"]}}],"collection":[{"href":"https:\/\/ineco.ee\/fi\/wp-json\/wp\/v2\/pages"}],"about":[{"href":"https:\/\/ineco.ee\/fi\/wp-json\/wp\/v2\/types\/page"}],"author":[{"embeddable":true,"href":"https:\/\/ineco.ee\/fi\/wp-json\/wp\/v2\/users\/1"}],"replies":[{"embeddable":true,"href":"https:\/\/ineco.ee\/fi\/wp-json\/wp\/v2\/comments?post=3107"}],"version-history":[{"count":0,"href":"https:\/\/ineco.ee\/fi\/wp-json\/wp\/v2\/pages\/3107\/revisions"}],"wp:attachment":[{"href":"https:\/\/ineco.ee\/fi\/wp-json\/wp\/v2\/media?parent=3107"}],"curies":[{"name":"wp","href":"https:\/\/api.w.org\/{rel}","templated":true}]}}