{"id":3067,"date":"2021-06-20T17:12:51","date_gmt":"2021-06-20T17:12:51","guid":{"rendered":"https:\/\/ineco.ee\/ohje\/"},"modified":"2022-05-13T19:27:50","modified_gmt":"2022-05-13T19:27:50","slug":"ohje","status":"publish","type":"page","link":"https:\/\/ineco.ee\/fi\/ohje\/","title":{"rendered":"Ohje"},"content":{"rendered":"<p>[et_pb_section fb_built=&#8221;1&#8243; _builder_version=&#8221;4.16&#8243; global_colors_info=&#8221;{}&#8221;][et_pb_row _builder_version=&#8221;4.16&#8243; background_size=&#8221;initial&#8221; background_position=&#8221;top_left&#8221; background_repeat=&#8221;repeat&#8221; global_colors_info=&#8221;{}&#8221;][et_pb_column type=&#8221;4_4&#8243; _builder_version=&#8221;4.16&#8243; custom_padding=&#8221;|||&#8221; global_colors_info=&#8221;{}&#8221; custom_padding__hover=&#8221;|||&#8221;][et_pb_accordion _builder_version=&#8221;4.17.3&#8243; _module_preset=&#8221;default&#8221; global_colors_info=&#8221;{}&#8221;][et_pb_accordion_item title=&#8221;VAIHE 1&#8243; _builder_version=&#8221;4.17.3&#8243; _module_preset=&#8221;default&#8221; global_colors_info=&#8221;{}&#8221; open=&#8221;on&#8221;]<\/p>\n<p><strong class=\"brz-cp-color2\">Varmista, ett\u00e4 pohja on sopiva:<\/strong><span class=\"brz-cp-color2\"> Pohjan on oltava puhdas ja p\u00f6lyt\u00f6n. Huokoinen, mureneva tai absorboiva pohja on p\u00e4\u00e4llystett\u00e4v\u00e4 pohjamaalilla ennen maalin levitt\u00e4mist\u00e4. <\/span><\/p>\n<p>[\/et_pb_accordion_item][et_pb_accordion_item title=&#8221;VAIHE 2&#8243; _builder_version=&#8221;4.17.3&#8243; _module_preset=&#8221;default&#8221; global_colors_info=&#8221;{}&#8221; open=&#8221;off&#8221;]<\/p>\n<p><strong class=\"brz-cp-color2\">Valmistele ty\u00f6v\u00e4lineet:<\/strong><span class=\"brz-cp-color2\"> Hengityssuojain, sekoitus\u00e4mp\u00e4ri, sivellin, maalirulla ja alusta, teippi, sekoittamiseen akkuporakone ja vispil\u00e4 tai tikku.<\/span><\/p>\n<p>[\/et_pb_accordion_item][et_pb_accordion_item title=&#8221;VAIHE 3&#8243; _builder_version=&#8221;4.17.3&#8243; _module_preset=&#8221;default&#8221; global_colors_info=&#8221;{}&#8221; open=&#8221;off&#8221;]<\/p>\n<p><strong class=\"brz-cp-color2\">Maalin valmistaminen<\/strong><span class=\"brz-cp-color2\">: Mittaa erilliseen astiaan 6,9 litraa vett\u00e4. Kaada hieman yli puolet siit\u00e4 sekoitus\u00e4mp\u00e4riin. Tasaisen tuloksen saavuttamiseksi lis\u00e4\u00e4 KOKO savimaalin kuivaseos hitaasti veteen jatkuvasti sekoittaen. Muodostuu paksu massa. Sekoita, kunnes siin\u00e4 ei ole en\u00e4\u00e4 paakkuja. Lis\u00e4\u00e4 loput vedest\u00e4. Sekoita hyvin.<\/span><\/p>\n<p>[\/et_pb_accordion_item][et_pb_accordion_item title=&#8221;VAIHE 4&#8243; _builder_version=&#8221;4.17.3&#8243; _module_preset=&#8221;default&#8221; global_colors_info=&#8221;{}&#8221; open=&#8221;off&#8221;]<\/p>\n<p><strong class=\"brz-cp-color2\">Anna valmistua: <\/strong><span class=\"brz-cp-color2\">: Anna maalin vet\u00e4yty\u00e4 noin 1 h ja sekoita uudelleen hyvin ennen maalausta.<\/span><\/p>\n<p>[\/et_pb_accordion_item][et_pb_accordion_item title=&#8221;VAIHE 5&#8243; _builder_version=&#8221;4.17.3&#8243; _module_preset=&#8221;default&#8221; global_colors_info=&#8221;{}&#8221; open=&#8221;off&#8221;]<\/p>\n<p><strong class=\"brz-cp-color2\">Ensimm\u00e4inen maalikerros. <\/strong>Tee se reippaasti ja v\u00e4lt\u00e4 saman kohdan moninkertaista maalaamista. \u00c4l\u00e4 keskeyt\u00e4 ty\u00f6skentely\u00e4 kesken maalattavaa pintaa \u2013 muuten jatkokohta voi j\u00e4\u00e4d\u00e4 selv\u00e4sti n\u00e4kyviin.<\/p>\n<p>[\/et_pb_accordion_item][et_pb_accordion_item title=&#8221;VAIHE 6&#8243; _builder_version=&#8221;4.17.3&#8243; _module_preset=&#8221;default&#8221; global_colors_info=&#8221;{}&#8221; open=&#8221;off&#8221;]<\/p>\n<p><strong class=\"brz-cp-color2\">Anna kuivua<\/strong><span class=\"brz-cp-color2\">; Anna ensimm\u00e4isen kerroksen kuivua 24 h. Tilan hyv\u00e4 ilmanvaihto on varmistettava. Maali muuttuu kuivuessaan peitt\u00e4v\u00e4ksi ja huomattavasti vaaleammaksi. <\/span><\/p>\n<p>[\/et_pb_accordion_item][et_pb_accordion_item title=&#8221;VAIHE 7&#8243; _builder_version=&#8221;4.17.3&#8243; _module_preset=&#8221;default&#8221; global_colors_info=&#8221;{}&#8221; open=&#8221;off&#8221;]<\/p>\n<p><strong class=\"brz-cp-color2\">Maalaa toinen kerros. <\/strong>Tee se reippaasti ja v\u00e4lt\u00e4 saman kohdan moninkertaista maalaamista. \u00c4l\u00e4 keskeyt\u00e4 ty\u00f6skentely\u00e4 kesken maalattavaa pintaa \u2013 muuten jatkokohta voi j\u00e4\u00e4d\u00e4 selv\u00e4sti n\u00e4kyviin.<\/p>\n<p>[\/et_pb_accordion_item][\/et_pb_accordion][et_pb_text _builder_version=&#8221;4.17.3&#8243; background_size=&#8221;initial&#8221; background_position=&#8221;top_left&#8221; background_repeat=&#8221;repeat&#8221; global_colors_info=&#8221;{}&#8221;]<\/p>\n<p style=\"text-align: center;\"><strong> LIS\u00c4TIEDOT:<\/strong> K\u00e4yt\u00e4 maali kolmen p\u00e4iv\u00e4n kuluessa veteen sekoittamisesta, s\u00e4ilyt\u00e4 viile\u00e4ss\u00e4 (+7 \u00b0C).<\/p>\n<p>[\/et_pb_text][\/et_pb_column][\/et_pb_row][\/et_pb_section]<\/p>\n","protected":false},"excerpt":{"rendered":"<p>Varmista, ett\u00e4 pohja on sopiva: Pohjan on oltava puhdas ja p\u00f6lyt\u00f6n. Huokoinen, mureneva tai absorboiva pohja on p\u00e4\u00e4llystett\u00e4v\u00e4 pohjamaalilla ennen maalin levitt\u00e4mist\u00e4. Valmistele ty\u00f6v\u00e4lineet: Hengityssuojain, sekoitus\u00e4mp\u00e4ri, sivellin, maalirulla ja alusta, teippi, sekoittamiseen akkuporakone ja vispil\u00e4 tai tikku. Maalin valmistaminen: Mittaa erilliseen astiaan 6,9 litraa vett\u00e4. Kaada hieman yli puolet siit\u00e4 sekoitus\u00e4mp\u00e4riin. Tasaisen tuloksen saavuttamiseksi lis\u00e4\u00e4 [&hellip;]<\/p>\n","protected":false},"author":1,"featured_media":0,"parent":0,"menu_order":0,"comment_status":"closed","ping_status":"closed","template":"","meta":{"_et_pb_use_builder":"on","_et_pb_old_content":"<div class=\"brz-root__container brz-reset-all\"><section id=\"pejxuhgidfxqkgroezpalteyjzubisnphthk\" class=\"brz-section brz-css-hekcd\" data-uid=\"pejxuhgidfxqkgroezpalteyjzubisnphthk\"><div class=\"brz-section__content brz-section--fullWidth brz-css-ckoyq brz-css-zfbxi\" data-custom-id=\"aqbgbgpisbimimrttzsgvtmussaboabgrdww\"><div class=\"brz-container brz-css-owepv brz-css-qbjym\"><div class=\"brz-css-hxoyz brz-css-jeklr brz-wrapper\"><div class=\"brz-accordion brz-css-zcqzi\" data-duration=\"300\" data-custom-id=\"ysonosnzuvtqpojslhbmyxkdrifjubkdlfkd\"><div class=\"brz-accordion__item\"><div class=\"brz-accordion__nav\" data-collapsible=\"on\"><p><span class=\"brz-accordion__nav-title brz-span brz-text__editor\">SAMM 1<\/span><\/p><div class=\"brz-accordion--icon-wrapper\">\u00a0<\/div><\/div><div class=\"brz-accordion__content brz-d-xs-flex brz-flex-xs-column\"><div class=\"brz-accordion__item-content brz-d-xs-flex brz-flex-xs-column\"><div class=\"brz-css-hxoyz brz-wrapper\"><div class=\"brz-rich-text brz-rich-text__custom brz-css-fnlso\" data-custom-id=\"rgsfgdhnjxuucgggorsjezagldgtpjnnwvyi\"><div><p class=\"brz-css-vslit\" data-generated-css=\"brz-css-rqayd\" data-uniq-id=\"hlhqt\"><strong class=\"brz-cp-color2\">Veendu aluspinna sobivuses:<\/strong><span class=\"brz-cp-color2\"> Aluspind peab olema puhas ja tolmuvaba. Poorne, murenev v\u00f5i imav aluspind tuleb enne v\u00e4rvi pealekandmist katta krundiga. <\/span><\/p><\/div><\/div><\/div><\/div><\/div><\/div><div class=\"brz-accordion__item\"><div class=\"brz-accordion__nav\" data-collapsible=\"on\"><p><span class=\"brz-accordion__nav-title brz-span brz-text__editor\">SAMM 2<\/span><\/p><div class=\"brz-accordion--icon-wrapper\">\u00a0<\/div><\/div><div class=\"brz-accordion__content brz-d-xs-flex brz-flex-xs-column\"><div class=\"brz-accordion__item-content brz-d-xs-flex brz-flex-xs-column\"><div class=\"brz-css-hxoyz brz-wrapper\"><div class=\"brz-rich-text brz-rich-text__custom brz-css-fnlso\" data-custom-id=\"cgwlgkhrlhvaoqfkwdtfknptaabfrdvthzol\"><div><p class=\"brz-css-nxlke\" data-generated-css=\"brz-css-pdsat\" data-uniq-id=\"usxqi\"><strong class=\"brz-cp-color2\">Valmista ette t\u00f6\u00f6vahendid:<\/strong><span class=\"brz-cp-color2\"> Respiraator, segu\u00e4mber, pintsel, v\u00e4rvirull ja -alus, teip, segamiseks akutrell ja vispel v\u00f5i pulgake.<\/span><\/p><\/div><\/div><\/div><\/div><\/div><\/div><div class=\"brz-accordion__item\"><div class=\"brz-accordion__nav\" data-collapsible=\"on\"><p><span class=\"brz-accordion__nav-title brz-span brz-text__editor\">SAMM 3<\/span><\/p><div class=\"brz-accordion--icon-wrapper\">\u00a0<\/div><\/div><div class=\"brz-accordion__content brz-d-xs-flex brz-flex-xs-column\"><div class=\"brz-accordion__item-content brz-d-xs-flex brz-flex-xs-column\"><div class=\"brz-css-hxoyz brz-wrapper\"><div class=\"brz-rich-text brz-rich-text__custom brz-css-fnlso\" data-custom-id=\"rnevkrwseytsdyfvpixmbmkfxjvjthyvrjvl\"><div><p class=\"brz-css-jbvle\" data-generated-css=\"brz-css-cdtve\" data-uniq-id=\"snfdy\"><strong class=\"brz-cp-color2\">V\u00e4rvi valmistamine<\/strong><span class=\"brz-cp-color2\">: M\u00f5\u00f5da eraldi n\u00f5usse 6,9 liitrit vett. Vala natuke \u00fcle poole sellest segu\u00e4mbrisse. \u00dchtlase tulemuse saavutamiseks lisa KOGU saviv\u00e4rvi kuivsegu aegamisi vee hulka pidevalt segades. Tekib paks mass. Sega kuni selles ei ole enam t\u00fckke sees. Lisa \u00fclej\u00e4\u00e4nud vee kogus. Sega l\u00e4bi.<\/span><\/p><\/div><\/div><\/div><\/div><\/div><\/div><div class=\"brz-accordion__item\"><div class=\"brz-accordion__nav\" data-collapsible=\"on\"><p><span class=\"brz-accordion__nav-title brz-span brz-text__editor\">SAMM 4<\/span><\/p><div class=\"brz-accordion--icon-wrapper\">\u00a0<\/div><\/div><div class=\"brz-accordion__content brz-d-xs-flex brz-flex-xs-column\"><div class=\"brz-accordion__item-content brz-d-xs-flex brz-flex-xs-column\"><div class=\"brz-css-hxoyz brz-wrapper\"><div class=\"brz-rich-text brz-rich-text__custom brz-css-fnlso\" data-custom-id=\"haebkaozugjrlfirudcxysoictvxkxitqclc\"><div><p class=\"brz-css-ptpwo\" data-generated-css=\"brz-css-iladx\" data-uniq-id=\"vsuyn\"><strong class=\"brz-cp-color2\">Lase valmida<\/strong><span class=\"brz-cp-color2\">: Lase v\u00e4rvil ca 1h t\u00f5mmata ja enne v\u00e4rvimist sega taas korralikult l\u00e4bi.<\/span><\/p><\/div><\/div><\/div><\/div><\/div><\/div><div class=\"brz-accordion__item\"><div class=\"brz-accordion__nav\" data-collapsible=\"on\"><p><span class=\"brz-accordion__nav-title brz-span brz-text__editor\">SAMM 5<\/span><\/p><div class=\"brz-accordion--icon-wrapper\">\u00a0<\/div><\/div><div class=\"brz-accordion__content brz-d-xs-flex brz-flex-xs-column\"><div class=\"brz-accordion__item-content brz-d-xs-flex brz-flex-xs-column\"><div class=\"brz-css-hxoyz brz-wrapper\"><div class=\"brz-rich-text brz-rich-text__custom brz-css-fnlso\" data-custom-id=\"omwcdxqwunxyqcvbmupbnnoklsiksbukeowb\"><div><p class=\"brz-css-etqyq\" data-uniq-id=\"eofbo\" data-generated-css=\"brz-css-bhoby\"><strong class=\"brz-cp-color2\">V\u00e4rvi esimene kiht. <\/strong>Tee seda hoogsalt ja v\u00e4ldi sama koha mitmekordset \u00fclev\u00e4rvimist. \u00c4ra katkesta t\u00f6\u00f6d keset v\u00e4rvitavat pinda - muidu v\u00f5ib j\u00e4tkamise koht j\u00e4\u00e4da selgesti n\u00e4htav.<\/p><\/div><\/div><\/div><\/div><\/div><\/div><div class=\"brz-accordion__item\"><div class=\"brz-accordion__nav\" data-collapsible=\"on\"><p><span class=\"brz-accordion__nav-title brz-span brz-text__editor\">SAMM 6<\/span><\/p><div class=\"brz-accordion--icon-wrapper\">\u00a0<\/div><\/div><div class=\"brz-accordion__content brz-d-xs-flex brz-flex-xs-column\"><div class=\"brz-accordion__item-content brz-d-xs-flex brz-flex-xs-column\"><div class=\"brz-css-hxoyz brz-wrapper\"><div class=\"brz-rich-text brz-rich-text__custom brz-css-fnlso\" data-custom-id=\"lwbujxtsqahtzzksizttywfhjungcaigddek\"><div><p class=\"brz-css-uawhs\" data-generated-css=\"brz-css-juhsr\" data-uniq-id=\"xjdns\"><strong class=\"brz-cp-color2\">Lase kuivada<\/strong><span class=\"brz-cp-color2\">: Lase esimesel kihil kuivada 24h. Ruumis peab olema tagatud hea \u00f5hutus. V\u00e4rv muutub kuivades katvaks ja tunduvalt heledamaks. <\/span><\/p><\/div><\/div><\/div><\/div><\/div><\/div><div class=\"brz-accordion__item brz-accordion__item--active\"><div class=\"brz-accordion__nav\" data-collapsible=\"on\"><p><span class=\"brz-accordion__nav-title brz-span brz-text__editor\">SAMM 7<\/span><\/p><div class=\"brz-accordion--icon-wrapper\">\u00a0<\/div><\/div><div class=\"brz-accordion__content brz-d-xs-flex brz-flex-xs-column\"><div class=\"brz-accordion__item-content brz-d-xs-flex brz-flex-xs-column\"><div class=\"brz-css-hxoyz brz-wrapper\"><div class=\"brz-rich-text brz-rich-text__custom brz-css-fnlso\" data-custom-id=\"xviyjmcxysohbzibfkerieiaykttqivdikup\"><div><p class=\"brz-css-navcc\" data-generated-css=\"brz-css-zmpqa\" data-uniq-id=\"rhxei\"><strong class=\"brz-cp-color2\">V\u00e4rvi teine kiht. <\/strong>Tee seda hoogsalt ja v\u00e4ldi sama koha mitmekordset \u00fclev\u00e4rvimist. \u00c4ra katkesta t\u00f6\u00f6d keset v\u00e4rvitavat pinda - muidu v\u00f5ib j\u00e4tkamise koht j\u00e4\u00e4da selgesti n\u00e4htav.<\/p><\/div><\/div><\/div><\/div><\/div><\/div><\/div><\/div><\/div><\/div><\/section><section id=\"wowdjtyixydmhnhpzhllawchkxduyhstjnjd\" class=\"brz-section brz-css-hekcd\" data-uid=\"wowdjtyixydmhnhpzhllawchkxduyhstjnjd\"><div class=\"brz-section__content brz-section--boxed brz-css-ckoyq brz-css-yhewt\" data-custom-id=\"plwxmugepirnkfsdtfkjtirigelzvzdpyueh\"><div class=\"brz-container brz-css-owepv brz-css-hvmiy\"><div class=\"brz-css-hxoyz brz-wrapper\"><div class=\"brz-rich-text brz-rich-text__custom brz-css-fnlso\" data-custom-id=\"pylzqancnoipehvamfcsaptjelgxhqocznsk\"><div><p class=\"brz-css-ocarp\" data-generated-css=\"brz-css-msdke\" data-uniq-id=\"nztfh\"><strong>LISAINFO:<\/strong> Kasuta v\u00e4rv kolme p\u00e4eva jooksul alates veega segamisest, hoia jahedas (+7'C).<\/p><\/div><\/div><\/div><\/div><\/div><\/section><section id=\"boqpiluuvdascqytofscaeebmpcvesnzmabs\" class=\"brz-section brz-css-hekcd\" data-uid=\"boqpiluuvdascqytofscaeebmpcvesnzmabs\"><div class=\"brz-section__content brz-section--boxed brz-css-ckoyq brz-css-qobdp\" data-custom-id=\"aputgyckoyedhawgpixsakgopnkajjoesfxh\"><div class=\"brz-bg\"><div class=\"brz-bg-color\">\u00a0<\/div><\/div><div class=\"brz-container brz-css-owepv brz-css-ipykv\">\u00a0<\/div><\/div><\/section><section id=\"ogngnhaujrfdnktrgsjahhzpjbfttkyyqhyr\" class=\"brz-section brz-css-hekcd\" data-uid=\"ogngnhaujrfdnktrgsjahhzpjbfttkyyqhyr\"><div class=\"brz-section__content brz-section--boxed brz-css-ckoyq brz-css-dxxay\" data-custom-id=\"pkilnhdcetyshpjaswjfymbzpdyflprnnnzp\"><div class=\"brz-container brz-css-owepv\"><div class=\"brz-css-hxoyz brz-css-liwpm brz-wrapper\"><div class=\"brz-spacer brz-css-caqpn brz-css-ixiir\">\u00a0<\/div><\/div><\/div><\/div><\/section><\/div><p><!-- version:1652269057 --><\/p>","_et_gb_content_width":"","footnotes":""},"class_list":["post-3067","page","type-page","status-publish","hentry"],"_links":{"self":[{"href":"https:\/\/ineco.ee\/fi\/wp-json\/wp\/v2\/pages\/3067","targetHints":{"allow":["GET"]}}],"collection":[{"href":"https:\/\/ineco.ee\/fi\/wp-json\/wp\/v2\/pages"}],"about":[{"href":"https:\/\/ineco.ee\/fi\/wp-json\/wp\/v2\/types\/page"}],"author":[{"embeddable":true,"href":"https:\/\/ineco.ee\/fi\/wp-json\/wp\/v2\/users\/1"}],"replies":[{"embeddable":true,"href":"https:\/\/ineco.ee\/fi\/wp-json\/wp\/v2\/comments?post=3067"}],"version-history":[{"count":0,"href":"https:\/\/ineco.ee\/fi\/wp-json\/wp\/v2\/pages\/3067\/revisions"}],"wp:attachment":[{"href":"https:\/\/ineco.ee\/fi\/wp-json\/wp\/v2\/media?parent=3067"}],"curies":[{"name":"wp","href":"https:\/\/api.w.org\/{rel}","templated":true}]}}